{"id":197,"date":"2017-08-22T06:32:26","date_gmt":"2017-08-22T06:32:26","guid":{"rendered":"https:\/\/fotorondo.pl\/?page_id=197"},"modified":"2022-12-14T12:31:09","modified_gmt":"2022-12-14T12:31:09","slug":"zamowienie","status":"publish","type":"page","link":"https:\/\/fotorondo.pl\/index.php\/zamowienie\/","title":{"rendered":"Zam\u00f3wienie"},"content":{"rendered":"\n\n\t<h3>Formularz zam\u00f3wienia dla odbitek z plik\u00f3w jpg i png przesy\u0142anie do 20 MB.<\/h3>\n<h4>Wi\u0119ksze ilo\u015bci zdj\u0119\u0107 prosimy wysy\u0142a\u0107 wertansfer&#8217;em na adres: fotorondo(ma\u0142pa)wp(kropka)pl<\/h4>\n\n<div class=\"wpcf7 no-js\" id=\"wpcf7-f196-o1\" lang=\"pl-PL\" dir=\"ltr\" data-wpcf7-id=\"196\">\n<div class=\"screen-reader-response\"><p role=\"status\" aria-live=\"polite\" aria-atomic=\"true\"><\/p> <ul><\/ul><\/div>\n<form action=\"\/index.php\/wp-json\/wp\/v2\/pages\/197#wpcf7-f196-o1\" method=\"post\" class=\"wpcf7-form init\" aria-label=\"Formularz kontaktowy\" novalidate=\"novalidate\" data-status=\"init\">\n<fieldset class=\"hidden-fields-container\"><input type=\"hidden\" name=\"_wpcf7\" value=\"196\" \/><input type=\"hidden\" name=\"_wpcf7_version\" value=\"6.1.5\" \/><input type=\"hidden\" name=\"_wpcf7_locale\" value=\"pl_PL\" \/><input type=\"hidden\" name=\"_wpcf7_unit_tag\" value=\"wpcf7-f196-o1\" \/><input type=\"hidden\" name=\"_wpcf7_container_post\" value=\"0\" \/><input type=\"hidden\" name=\"_wpcf7_posted_data_hash\" value=\"\" \/><input type=\"hidden\" name=\"_wpcf7_recaptcha_response\" value=\"\" \/>\n<\/fieldset>\n<p><label> Imi\u0119 i nazwisko (wymagane)<br \/>\n<span class=\"wpcf7-form-control-wrap\" data-name=\"your-name\"><input size=\"40\" maxlength=\"400\" class=\"wpcf7-form-control wpcf7-text wpcf7-validates-as-required\" aria-required=\"true\" aria-invalid=\"false\" value=\"\" type=\"text\" name=\"your-name\" \/><\/span> <\/label>\n<\/p>\n<p><label> Adres email (wymagane)<br \/>\n<span class=\"wpcf7-form-control-wrap\" data-name=\"your-email\"><input size=\"40\" maxlength=\"400\" class=\"wpcf7-form-control wpcf7-email wpcf7-validates-as-required wpcf7-text wpcf7-validates-as-email\" aria-required=\"true\" aria-invalid=\"false\" value=\"\" type=\"email\" name=\"your-email\" \/><\/span> <\/label>\n<\/p>\n<p><label> Temat<br \/>\n<span class=\"wpcf7-form-control-wrap\" data-name=\"your-subject\"><input size=\"40\" maxlength=\"400\" class=\"wpcf7-form-control wpcf7-text\" aria-invalid=\"false\" value=\"\" type=\"text\" name=\"your-subject\" \/><\/span> <\/label>\n<\/p>\n<p><label> Tre\u015b\u0107 wiadomo\u015bci<br \/>\n<span class=\"wpcf7-form-control-wrap\" data-name=\"your-message\"><textarea cols=\"40\" rows=\"10\" maxlength=\"2000\" class=\"wpcf7-form-control wpcf7-textarea\" aria-invalid=\"false\" name=\"your-message\"><\/textarea><\/span> <\/label>\n<\/p>\n<p><label> Dodaj pliki<br \/>\n<span class=\"wpcf7-form-control-wrap\" data-name=\"upload-file-287\"><input size=\"40\" class=\"wpcf7-form-control wpcf7-drag-n-drop-file d-none\" aria-required=\"true\" aria-invalid=\"false\" type=\"file\" multiple=\"multiple\" data-name=\"upload-file-287\" data-type=\"jpeg|jpg|tif|tiff|png\" data-limit=\"104857600\" data-min=\"1\" data-max=\"40\" data-id=\"196\" data-version=\"free version 1.3.9.7\" accept=\".jpeg, .jpg, .tif, .tiff, .png\" data-black-list=\"exe|bat|com|phg|sql\" \/><\/span> <\/label>\n<\/p>\n<p><input class=\"wpcf7-form-control wpcf7-submit has-spinner\" type=\"submit\" value=\"Wy\u015blij\" \/>\n<\/p><div class=\"wpcf7-response-output\" aria-hidden=\"true\"><\/div>\n<\/form>\n<\/div>\n\n\n","protected":false},"excerpt":{"rendered":"<p>Formularz zam\u00f3wienia dla odbitek z plik\u00f3w jpg i png przesy\u0142anie do 20 MB. Wi\u0119ksze ilo\u015bci zdj\u0119\u0107 prosimy wysy\u0142a\u0107 wertansfer&#8217;em na adres: fotorondo(ma\u0142pa)wp(kropka)pl<\/p>\n","protected":false},"author":1,"featured_media":0,"parent":0,"menu_order":0,"comment_status":"closed","ping_status":"closed","template":"","meta":{"footnotes":""},"class_list":["post-197","page","type-page","status-publish","hentry"],"yoast_head":"<!-- This site is optimized with the Yoast SEO plugin v27.4 - https:\/\/yoast.com\/product\/yoast-seo-wordpress\/ -->\n<title>Zam\u00f3wienie - Foto-Rondo<\/title>\n<meta name=\"robots\" content=\"index, follow, max-snippet:-1, max-image-preview:large, max-video-preview:-1\" \/>\n<link rel=\"canonical\" href=\"https:\/\/fotorondo.pl\/index.php\/zamowienie\/\" \/>\n<meta property=\"og:locale\" content=\"pl_PL\" \/>\n<meta property=\"og:type\" content=\"article\" \/>\n<meta property=\"og:title\" content=\"Zam\u00f3wienie - Foto-Rondo\" \/>\n<meta property=\"og:description\" content=\"Formularz zam\u00f3wienia dla odbitek z plik\u00f3w jpg i png przesy\u0142anie do 20 MB. Wi\u0119ksze ilo\u015bci zdj\u0119\u0107 prosimy wysy\u0142a\u0107 wertansfer&#8217;em na adres: fotorondo(ma\u0142pa)wp(kropka)pl\" \/>\n<meta property=\"og:url\" content=\"https:\/\/fotorondo.pl\/index.php\/zamowienie\/\" \/>\n<meta property=\"og:site_name\" content=\"Foto-Rondo\" \/>\n<meta property=\"article:modified_time\" content=\"2022-12-14T12:31:09+00:00\" \/>\n<meta name=\"twitter:card\" content=\"summary_large_image\" \/>\n<script type=\"application\/ld+json\" class=\"yoast-schema-graph\">{\"@context\":\"https:\\\/\\\/schema.org\",\"@graph\":[{\"@type\":\"WebPage\",\"@id\":\"https:\\\/\\\/fotorondo.pl\\\/index.php\\\/zamowienie\\\/\",\"url\":\"https:\\\/\\\/fotorondo.pl\\\/index.php\\\/zamowienie\\\/\",\"name\":\"Zam\u00f3wienie - Foto-Rondo\",\"isPartOf\":{\"@id\":\"https:\\\/\\\/fotorondo.pl\\\/#website\"},\"datePublished\":\"2017-08-22T06:32:26+00:00\",\"dateModified\":\"2022-12-14T12:31:09+00:00\",\"breadcrumb\":{\"@id\":\"https:\\\/\\\/fotorondo.pl\\\/index.php\\\/zamowienie\\\/#breadcrumb\"},\"inLanguage\":\"pl-PL\",\"potentialAction\":[{\"@type\":\"ReadAction\",\"target\":[\"https:\\\/\\\/fotorondo.pl\\\/index.php\\\/zamowienie\\\/\"]}]},{\"@type\":\"BreadcrumbList\",\"@id\":\"https:\\\/\\\/fotorondo.pl\\\/index.php\\\/zamowienie\\\/#breadcrumb\",\"itemListElement\":[{\"@type\":\"ListItem\",\"position\":1,\"name\":\"Strona g\u0142\u00f3wna\",\"item\":\"https:\\\/\\\/fotorondo.pl\\\/\"},{\"@type\":\"ListItem\",\"position\":2,\"name\":\"Zam\u00f3wienie\"}]},{\"@type\":\"WebSite\",\"@id\":\"https:\\\/\\\/fotorondo.pl\\\/#website\",\"url\":\"https:\\\/\\\/fotorondo.pl\\\/\",\"name\":\"Foto-Rondo\",\"description\":\"Najlepsze odbitki cyfrowe w Warszawie\",\"publisher\":{\"@id\":\"https:\\\/\\\/fotorondo.pl\\\/#organization\"},\"potentialAction\":[{\"@type\":\"SearchAction\",\"target\":{\"@type\":\"EntryPoint\",\"urlTemplate\":\"https:\\\/\\\/fotorondo.pl\\\/?s={search_term_string}\"},\"query-input\":{\"@type\":\"PropertyValueSpecification\",\"valueRequired\":true,\"valueName\":\"search_term_string\"}}],\"inLanguage\":\"pl-PL\"},{\"@type\":\"Organization\",\"@id\":\"https:\\\/\\\/fotorondo.pl\\\/#organization\",\"name\":\"Foto-Rondo\",\"url\":\"https:\\\/\\\/fotorondo.pl\\\/\",\"logo\":{\"@type\":\"ImageObject\",\"inLanguage\":\"pl-PL\",\"@id\":\"https:\\\/\\\/fotorondo.pl\\\/#\\\/schema\\\/logo\\\/image\\\/\",\"url\":\"https:\\\/\\\/fotorondo.pl\\\/wp-content\\\/uploads\\\/2017\\\/08\\\/cropped-logo_FR_lr.png\",\"contentUrl\":\"https:\\\/\\\/fotorondo.pl\\\/wp-content\\\/uploads\\\/2017\\\/08\\\/cropped-logo_FR_lr.png\",\"width\":332,\"height\":75,\"caption\":\"Foto-Rondo\"},\"image\":{\"@id\":\"https:\\\/\\\/fotorondo.pl\\\/#\\\/schema\\\/logo\\\/image\\\/\"}}]}<\/script>\n<!-- \/ Yoast SEO plugin. -->","yoast_head_json":{"title":"Zam\u00f3wienie - Foto-Rondo","robots":{"index":"index","follow":"follow","max-snippet":"max-snippet:-1","max-image-preview":"max-image-preview:large","max-video-preview":"max-video-preview:-1"},"canonical":"https:\/\/fotorondo.pl\/index.php\/zamowienie\/","og_locale":"pl_PL","og_type":"article","og_title":"Zam\u00f3wienie - Foto-Rondo","og_description":"Formularz zam\u00f3wienia dla odbitek z plik\u00f3w jpg i png przesy\u0142anie do 20 MB. Wi\u0119ksze ilo\u015bci zdj\u0119\u0107 prosimy wysy\u0142a\u0107 wertansfer&#8217;em na adres: fotorondo(ma\u0142pa)wp(kropka)pl","og_url":"https:\/\/fotorondo.pl\/index.php\/zamowienie\/","og_site_name":"Foto-Rondo","article_modified_time":"2022-12-14T12:31:09+00:00","twitter_card":"summary_large_image","schema":{"@context":"https:\/\/schema.org","@graph":[{"@type":"WebPage","@id":"https:\/\/fotorondo.pl\/index.php\/zamowienie\/","url":"https:\/\/fotorondo.pl\/index.php\/zamowienie\/","name":"Zam\u00f3wienie - Foto-Rondo","isPartOf":{"@id":"https:\/\/fotorondo.pl\/#website"},"datePublished":"2017-08-22T06:32:26+00:00","dateModified":"2022-12-14T12:31:09+00:00","breadcrumb":{"@id":"https:\/\/fotorondo.pl\/index.php\/zamowienie\/#breadcrumb"},"inLanguage":"pl-PL","potentialAction":[{"@type":"ReadAction","target":["https:\/\/fotorondo.pl\/index.php\/zamowienie\/"]}]},{"@type":"BreadcrumbList","@id":"https:\/\/fotorondo.pl\/index.php\/zamowienie\/#breadcrumb","itemListElement":[{"@type":"ListItem","position":1,"name":"Strona g\u0142\u00f3wna","item":"https:\/\/fotorondo.pl\/"},{"@type":"ListItem","position":2,"name":"Zam\u00f3wienie"}]},{"@type":"WebSite","@id":"https:\/\/fotorondo.pl\/#website","url":"https:\/\/fotorondo.pl\/","name":"Foto-Rondo","description":"Najlepsze odbitki cyfrowe w Warszawie","publisher":{"@id":"https:\/\/fotorondo.pl\/#organization"},"potentialAction":[{"@type":"SearchAction","target":{"@type":"EntryPoint","urlTemplate":"https:\/\/fotorondo.pl\/?s={search_term_string}"},"query-input":{"@type":"PropertyValueSpecification","valueRequired":true,"valueName":"search_term_string"}}],"inLanguage":"pl-PL"},{"@type":"Organization","@id":"https:\/\/fotorondo.pl\/#organization","name":"Foto-Rondo","url":"https:\/\/fotorondo.pl\/","logo":{"@type":"ImageObject","inLanguage":"pl-PL","@id":"https:\/\/fotorondo.pl\/#\/schema\/logo\/image\/","url":"https:\/\/fotorondo.pl\/wp-content\/uploads\/2017\/08\/cropped-logo_FR_lr.png","contentUrl":"https:\/\/fotorondo.pl\/wp-content\/uploads\/2017\/08\/cropped-logo_FR_lr.png","width":332,"height":75,"caption":"Foto-Rondo"},"image":{"@id":"https:\/\/fotorondo.pl\/#\/schema\/logo\/image\/"}}]}},"_links":{"self":[{"href":"https:\/\/fotorondo.pl\/index.php\/wp-json\/wp\/v2\/pages\/197","targetHints":{"allow":["GET"]}}],"collection":[{"href":"https:\/\/fotorondo.pl\/index.php\/wp-json\/wp\/v2\/pages"}],"about":[{"href":"https:\/\/fotorondo.pl\/index.php\/wp-json\/wp\/v2\/types\/page"}],"author":[{"embeddable":true,"href":"https:\/\/fotorondo.pl\/index.php\/wp-json\/wp\/v2\/users\/1"}],"replies":[{"embeddable":true,"href":"https:\/\/fotorondo.pl\/index.php\/wp-json\/wp\/v2\/comments?post=197"}],"version-history":[{"count":6,"href":"https:\/\/fotorondo.pl\/index.php\/wp-json\/wp\/v2\/pages\/197\/revisions"}],"predecessor-version":[{"id":8410,"href":"https:\/\/fotorondo.pl\/index.php\/wp-json\/wp\/v2\/pages\/197\/revisions\/8410"}],"wp:attachment":[{"href":"https:\/\/fotorondo.pl\/index.php\/wp-json\/wp\/v2\/media?parent=197"}],"curies":[{"name":"wp","href":"https:\/\/api.w.org\/{rel}","templated":true}]}}