{"id":162,"date":"2017-08-21T21:23:45","date_gmt":"2017-08-21T21:23:45","guid":{"rendered":"https:\/\/fotorondo.pl\/?page_id=162"},"modified":"2017-08-21T21:31:04","modified_gmt":"2017-08-21T21:31:04","slug":"o-nas","status":"publish","type":"page","link":"https:\/\/fotorondo.pl\/index.php\/o-nas\/","title":{"rendered":"O nas"},"content":{"rendered":"<div class=\"_4tdt _ua1\">\n<div class=\"_ua2\">\n<div class=\"_4tdv\">\n<div class=\"_5wd4 _1nc7\">\n<div class=\"_h8t\">\n<div class=\"_5wd9 direction_ltr\">\n<div class=\"_5wde _n4o\">\n<div class=\"_5w1r _3_om _5wdf\">\n<div class=\"_4gx_\">\n<h3 class=\"_d97\"><span class=\"_5yl5\">Laboratoium Foto-Rondo powsta\u0142o w lutym 1996 roku. Na pocz\u0105tku dzia\u0142alno\u015bci dysponowali\u015bmy nowym minilabem FUJI FP-540B. Po kilku latach pod strzech\u0105 zago\u015bci\u0142a fotografia cyfrowa. Dali\u015bmy si\u0119 wci\u0105gn\u0105\u0107 w wir cyfryzacji i ju\u017c w ko\u0144c\u00f3wce 2001 roku zapad\u0142a decyzja o kupnie stosownego urz\u0105dzenia do wykonywania zdj\u0119\u0107 z plik\u00f3w cyfrowych. Na pocz\u0105tku 2002 roku serwis zainstalowa\u0142 w naszym zak\u0142adzie nowiutkiego cyfrowego mini laba \u201eKIS DKS 750\u201d. I tak do lipca 2017 roku wszystko sz\u0142o sprawnie a\u017c zapad\u0142a decyzja o zmianie wys\u0142u\u017conego kisa na nowoczesnego DRY LAB\u2019a EPSON\u2019a SureLab SL-D700.<\/span><\/h3>\n<\/div>\n<\/div>\n<\/div>\n<\/div>\n<\/div>\n<\/div>\n<\/div>\n<\/div>\n<\/div>\n","protected":false},"excerpt":{"rendered":"<p>Laboratoium Foto-Rondo powsta\u0142o w lutym 1996 roku. Na pocz\u0105tku dzia\u0142alno\u015bci dysponowali\u015bmy nowym minilabem FUJI FP-540B. Po kilku latach pod strzech\u0105 zago\u015bci\u0142a fotografia cyfrowa. Dali\u015bmy si\u0119 wci\u0105gn\u0105\u0107 w wir cyfryzacji i ju\u017c w ko\u0144c\u00f3wce 2001 roku zapad\u0142a decyzja o kupnie stosownego urz\u0105dzenia do wykonywania zdj\u0119\u0107 z plik\u00f3w cyfrowych. Na pocz\u0105tku 2002 roku serwis zainstalowa\u0142 w naszym&#8230;<\/p>\n<p class=\"more-link\"><a href=\"https:\/\/fotorondo.pl\/index.php\/o-nas\/\"><span>Read More<\/span><i>&#43;<\/i><\/a><\/p>\n","protected":false},"author":1,"featured_media":0,"parent":0,"menu_order":0,"comment_status":"closed","ping_status":"closed","template":"","meta":{"footnotes":""},"class_list":["post-162","page","type-page","status-publish","hentry"],"yoast_head":"<!-- This site is optimized with the Yoast SEO plugin v27.4 - https:\/\/yoast.com\/product\/yoast-seo-wordpress\/ -->\n<title>O nas - Foto-Rondo<\/title>\n<meta name=\"robots\" content=\"index, follow, max-snippet:-1, max-image-preview:large, max-video-preview:-1\" \/>\n<link rel=\"canonical\" href=\"https:\/\/fotorondo.pl\/index.php\/o-nas\/\" \/>\n<meta property=\"og:locale\" content=\"pl_PL\" \/>\n<meta property=\"og:type\" content=\"article\" \/>\n<meta property=\"og:title\" content=\"O nas - Foto-Rondo\" \/>\n<meta property=\"og:description\" content=\"Laboratoium Foto-Rondo powsta\u0142o w lutym 1996 roku. Na pocz\u0105tku dzia\u0142alno\u015bci dysponowali\u015bmy nowym minilabem FUJI FP-540B. Po kilku latach pod strzech\u0105 zago\u015bci\u0142a fotografia cyfrowa. Dali\u015bmy si\u0119 wci\u0105gn\u0105\u0107 w wir cyfryzacji i ju\u017c w ko\u0144c\u00f3wce 2001 roku zapad\u0142a decyzja o kupnie stosownego urz\u0105dzenia do wykonywania zdj\u0119\u0107 z plik\u00f3w cyfrowych. Na pocz\u0105tku 2002 roku serwis zainstalowa\u0142 w naszym&#8230;Read More&#043;\" \/>\n<meta property=\"og:url\" content=\"https:\/\/fotorondo.pl\/index.php\/o-nas\/\" \/>\n<meta property=\"og:site_name\" content=\"Foto-Rondo\" \/>\n<meta property=\"article:modified_time\" content=\"2017-08-21T21:31:04+00:00\" \/>\n<meta name=\"twitter:card\" content=\"summary_large_image\" \/>\n<meta name=\"twitter:label1\" content=\"Szacowany czas czytania\" \/>\n\t<meta name=\"twitter:data1\" content=\"1 minuta\" \/>\n<script type=\"application\/ld+json\" class=\"yoast-schema-graph\">{\"@context\":\"https:\\\/\\\/schema.org\",\"@graph\":[{\"@type\":\"WebPage\",\"@id\":\"https:\\\/\\\/fotorondo.pl\\\/index.php\\\/o-nas\\\/\",\"url\":\"https:\\\/\\\/fotorondo.pl\\\/index.php\\\/o-nas\\\/\",\"name\":\"O nas - Foto-Rondo\",\"isPartOf\":{\"@id\":\"https:\\\/\\\/fotorondo.pl\\\/#website\"},\"datePublished\":\"2017-08-21T21:23:45+00:00\",\"dateModified\":\"2017-08-21T21:31:04+00:00\",\"breadcrumb\":{\"@id\":\"https:\\\/\\\/fotorondo.pl\\\/index.php\\\/o-nas\\\/#breadcrumb\"},\"inLanguage\":\"pl-PL\",\"potentialAction\":[{\"@type\":\"ReadAction\",\"target\":[\"https:\\\/\\\/fotorondo.pl\\\/index.php\\\/o-nas\\\/\"]}]},{\"@type\":\"BreadcrumbList\",\"@id\":\"https:\\\/\\\/fotorondo.pl\\\/index.php\\\/o-nas\\\/#breadcrumb\",\"itemListElement\":[{\"@type\":\"ListItem\",\"position\":1,\"name\":\"Strona g\u0142\u00f3wna\",\"item\":\"https:\\\/\\\/fotorondo.pl\\\/\"},{\"@type\":\"ListItem\",\"position\":2,\"name\":\"O nas\"}]},{\"@type\":\"WebSite\",\"@id\":\"https:\\\/\\\/fotorondo.pl\\\/#website\",\"url\":\"https:\\\/\\\/fotorondo.pl\\\/\",\"name\":\"Foto-Rondo\",\"description\":\"Najlepsze odbitki cyfrowe w Warszawie\",\"publisher\":{\"@id\":\"https:\\\/\\\/fotorondo.pl\\\/#organization\"},\"potentialAction\":[{\"@type\":\"SearchAction\",\"target\":{\"@type\":\"EntryPoint\",\"urlTemplate\":\"https:\\\/\\\/fotorondo.pl\\\/?s={search_term_string}\"},\"query-input\":{\"@type\":\"PropertyValueSpecification\",\"valueRequired\":true,\"valueName\":\"search_term_string\"}}],\"inLanguage\":\"pl-PL\"},{\"@type\":\"Organization\",\"@id\":\"https:\\\/\\\/fotorondo.pl\\\/#organization\",\"name\":\"Foto-Rondo\",\"url\":\"https:\\\/\\\/fotorondo.pl\\\/\",\"logo\":{\"@type\":\"ImageObject\",\"inLanguage\":\"pl-PL\",\"@id\":\"https:\\\/\\\/fotorondo.pl\\\/#\\\/schema\\\/logo\\\/image\\\/\",\"url\":\"https:\\\/\\\/fotorondo.pl\\\/wp-content\\\/uploads\\\/2017\\\/08\\\/cropped-logo_FR_lr.png\",\"contentUrl\":\"https:\\\/\\\/fotorondo.pl\\\/wp-content\\\/uploads\\\/2017\\\/08\\\/cropped-logo_FR_lr.png\",\"width\":332,\"height\":75,\"caption\":\"Foto-Rondo\"},\"image\":{\"@id\":\"https:\\\/\\\/fotorondo.pl\\\/#\\\/schema\\\/logo\\\/image\\\/\"}}]}<\/script>\n<!-- \/ Yoast SEO plugin. -->","yoast_head_json":{"title":"O nas - Foto-Rondo","robots":{"index":"index","follow":"follow","max-snippet":"max-snippet:-1","max-image-preview":"max-image-preview:large","max-video-preview":"max-video-preview:-1"},"canonical":"https:\/\/fotorondo.pl\/index.php\/o-nas\/","og_locale":"pl_PL","og_type":"article","og_title":"O nas - Foto-Rondo","og_description":"Laboratoium Foto-Rondo powsta\u0142o w lutym 1996 roku. Na pocz\u0105tku dzia\u0142alno\u015bci dysponowali\u015bmy nowym minilabem FUJI FP-540B. Po kilku latach pod strzech\u0105 zago\u015bci\u0142a fotografia cyfrowa. Dali\u015bmy si\u0119 wci\u0105gn\u0105\u0107 w wir cyfryzacji i ju\u017c w ko\u0144c\u00f3wce 2001 roku zapad\u0142a decyzja o kupnie stosownego urz\u0105dzenia do wykonywania zdj\u0119\u0107 z plik\u00f3w cyfrowych. Na pocz\u0105tku 2002 roku serwis zainstalowa\u0142 w naszym&#8230;Read More&#43;","og_url":"https:\/\/fotorondo.pl\/index.php\/o-nas\/","og_site_name":"Foto-Rondo","article_modified_time":"2017-08-21T21:31:04+00:00","twitter_card":"summary_large_image","twitter_misc":{"Szacowany czas czytania":"1 minuta"},"schema":{"@context":"https:\/\/schema.org","@graph":[{"@type":"WebPage","@id":"https:\/\/fotorondo.pl\/index.php\/o-nas\/","url":"https:\/\/fotorondo.pl\/index.php\/o-nas\/","name":"O nas - Foto-Rondo","isPartOf":{"@id":"https:\/\/fotorondo.pl\/#website"},"datePublished":"2017-08-21T21:23:45+00:00","dateModified":"2017-08-21T21:31:04+00:00","breadcrumb":{"@id":"https:\/\/fotorondo.pl\/index.php\/o-nas\/#breadcrumb"},"inLanguage":"pl-PL","potentialAction":[{"@type":"ReadAction","target":["https:\/\/fotorondo.pl\/index.php\/o-nas\/"]}]},{"@type":"BreadcrumbList","@id":"https:\/\/fotorondo.pl\/index.php\/o-nas\/#breadcrumb","itemListElement":[{"@type":"ListItem","position":1,"name":"Strona g\u0142\u00f3wna","item":"https:\/\/fotorondo.pl\/"},{"@type":"ListItem","position":2,"name":"O nas"}]},{"@type":"WebSite","@id":"https:\/\/fotorondo.pl\/#website","url":"https:\/\/fotorondo.pl\/","name":"Foto-Rondo","description":"Najlepsze odbitki cyfrowe w Warszawie","publisher":{"@id":"https:\/\/fotorondo.pl\/#organization"},"potentialAction":[{"@type":"SearchAction","target":{"@type":"EntryPoint","urlTemplate":"https:\/\/fotorondo.pl\/?s={search_term_string}"},"query-input":{"@type":"PropertyValueSpecification","valueRequired":true,"valueName":"search_term_string"}}],"inLanguage":"pl-PL"},{"@type":"Organization","@id":"https:\/\/fotorondo.pl\/#organization","name":"Foto-Rondo","url":"https:\/\/fotorondo.pl\/","logo":{"@type":"ImageObject","inLanguage":"pl-PL","@id":"https:\/\/fotorondo.pl\/#\/schema\/logo\/image\/","url":"https:\/\/fotorondo.pl\/wp-content\/uploads\/2017\/08\/cropped-logo_FR_lr.png","contentUrl":"https:\/\/fotorondo.pl\/wp-content\/uploads\/2017\/08\/cropped-logo_FR_lr.png","width":332,"height":75,"caption":"Foto-Rondo"},"image":{"@id":"https:\/\/fotorondo.pl\/#\/schema\/logo\/image\/"}}]}},"_links":{"self":[{"href":"https:\/\/fotorondo.pl\/index.php\/wp-json\/wp\/v2\/pages\/162","targetHints":{"allow":["GET"]}}],"collection":[{"href":"https:\/\/fotorondo.pl\/index.php\/wp-json\/wp\/v2\/pages"}],"about":[{"href":"https:\/\/fotorondo.pl\/index.php\/wp-json\/wp\/v2\/types\/page"}],"author":[{"embeddable":true,"href":"https:\/\/fotorondo.pl\/index.php\/wp-json\/wp\/v2\/users\/1"}],"replies":[{"embeddable":true,"href":"https:\/\/fotorondo.pl\/index.php\/wp-json\/wp\/v2\/comments?post=162"}],"version-history":[{"count":3,"href":"https:\/\/fotorondo.pl\/index.php\/wp-json\/wp\/v2\/pages\/162\/revisions"}],"predecessor-version":[{"id":172,"href":"https:\/\/fotorondo.pl\/index.php\/wp-json\/wp\/v2\/pages\/162\/revisions\/172"}],"wp:attachment":[{"href":"https:\/\/fotorondo.pl\/index.php\/wp-json\/wp\/v2\/media?parent=162"}],"curies":[{"name":"wp","href":"https:\/\/api.w.org\/{rel}","templated":true}]}}